{"id":5582,"date":"2026-01-16T19:46:04","date_gmt":"2026-01-16T19:46:04","guid":{"rendered":"https:\/\/steelblue-turtle-387165.hostingersite.com\/?post_type=product&#038;p=5582"},"modified":"2026-01-18T14:59:17","modified_gmt":"2026-01-18T14:59:17","slug":"space-roses-waist-bag","status":"publish","type":"product","link":"https:\/\/afrotunda.com\/nl\/product\/space-roses-waist-bag\/","title":{"rendered":"Ruimte rozen heuptasje"},"content":{"rendered":"<p>Een prachtige heuptas gemaakt van Afrikaanse stof. Al onze stoffen worden met de hand geselecteerd in Oeganda en door onze kleermaker in Kampala verwerkt tot verschillende soorten tassen. Deze tas is perfect voor een festival of om je belangrijke accessoires veilig op te bergen tijdens een stedentrip. Hij heeft twee vakken, \u00e9\u00e9n aan de voorkant en \u00e9\u00e9n aan de achterkant.<\/p>\n<p>Disclaimer: Omdat elk stuk gemaakt is van een uniek stuk stof, is het mogelijk dat uw stuk niet precies hetzelfde is als op de foto.<\/p>\n<p><strong>E\u00e9n maat<\/strong><br \/>\n<strong>Materiaal<\/strong> 100% cotton<br \/>\n<strong>Wasvoorschrift:<\/strong> Met de hand wassen in koud water, of in de wasmachine wassen in koud water en met soortgelijke kleuren wassen. Hangend drogen, niet in de droger.<\/p>","protected":false},"excerpt":{"rendered":"<p>Een prachtige heuptas gemaakt van Afrikaanse stof. Al onze stoffen worden met de hand geselecteerd in Oeganda en door onze kleermaker in Kampala verwerkt tot verschillende soorten tassen. Deze tas is perfect voor een festival of om je belangrijke accessoires veilig op te bergen tijdens een stedentrip. Hij heeft twee vakken, \u00e9\u00e9n aan de voorkant en \u00e9\u00e9n aan de achterkant.<\/p>","protected":false},"featured_media":5492,"comment_status":"open","ping_status":"closed","template":"","meta":{"_acf_changed":false,"site-sidebar-layout":"default","site-content-layout":"","ast-site-content-layout":"default","site-content-style":"default","site-sidebar-style":"default","ast-global-header-display":"","ast-banner-title-visibility":"","ast-main-header-display":"","ast-hfb-above-header-display":"","ast-hfb-below-header-display":"","ast-hfb-mobile-header-display":"","site-post-title":"","ast-breadcrumbs-content":"","ast-featured-img":"","footer-sml-layout":"","ast-disable-related-posts":"","theme-transparent-header-meta":"default","adv-header-id-meta":"","stick-header-meta":"","header-above-stick-meta":"","header-main-stick-meta":"","header-below-stick-meta":"","astra-migrate-meta-layouts":"set","ast-page-background-enabled":"default","ast-page-background-meta":{"desktop":{"background-color":"","background-image":"","background-repeat":"repeat","background-position":"center center","background-size":"auto","background-attachment":"scroll","background-type":"","background-media":"","overlay-type":"","overlay-color":"","overlay-opacity":"","overlay-gradient":""},"tablet":{"background-color":"","background-image":"","background-repeat":"repeat","background-position":"center center","background-size":"auto","background-attachment":"scroll","background-type":"","background-media":"","overlay-type":"","overlay-color":"","overlay-opacity":"","overlay-gradient":""},"mobile":{"background-color":"","background-image":"","background-repeat":"repeat","background-position":"center center","background-size":"auto","background-attachment":"scroll","background-type":"","background-media":"","overlay-type":"","overlay-color":"","overlay-opacity":"","overlay-gradient":""}},"ast-content-background-meta":{"desktop":{"background-color":"var(--ast-global-color-5)","background-image":"","background-repeat":"repeat","background-position":"center center","background-size":"auto","background-attachment":"scroll","background-type":"","background-media":"","overlay-type":"","overlay-color":"","overlay-opacity":"","overlay-gradient":""},"tablet":{"background-color":"var(--ast-global-color-5)","background-image":"","background-repeat":"repeat","background-position":"center center","background-size":"auto","background-attachment":"scroll","background-type":"","background-media":"","overlay-type":"","overlay-color":"","overlay-opacity":"","overlay-gradient":""},"mobile":{"background-color":"var(--ast-global-color-5)","background-image":"","background-repeat":"repeat","background-position":"center center","background-size":"auto","background-attachment":"scroll","background-type":"","background-media":"","overlay-type":"","overlay-color":"","overlay-opacity":"","overlay-gradient":""}}},"product_brand":[174],"product_cat":[81,153],"product_tag":[177,36,187,181,190],"class_list":{"0":"post-5582","1":"product","2":"type-product","3":"status-publish","4":"has-post-thumbnail","6":"product_brand-studio-nadee","7":"product_cat-accessories","8":"product_cat-bags","9":"product_tag-bag","10":"product_tag-bags","11":"product_tag-festival","12":"product_tag-summer","13":"product_tag-waist-bag","14":"product_shipping_class-small-packages","15":"desktop-align-left","16":"tablet-align-left","17":"mobile-align-left","19":"first","20":"instock","21":"taxable","22":"shipping-taxable","23":"purchasable","24":"product-type-simple"},"acf":[],"_links":{"self":[{"href":"https:\/\/afrotunda.com\/nl\/wp-json\/wp\/v2\/product\/5582","targetHints":{"allow":["GET"]}}],"collection":[{"href":"https:\/\/afrotunda.com\/nl\/wp-json\/wp\/v2\/product"}],"about":[{"href":"https:\/\/afrotunda.com\/nl\/wp-json\/wp\/v2\/types\/product"}],"replies":[{"embeddable":true,"href":"https:\/\/afrotunda.com\/nl\/wp-json\/wp\/v2\/comments?post=5582"}],"wp:featuredmedia":[{"embeddable":true,"href":"https:\/\/afrotunda.com\/nl\/wp-json\/wp\/v2\/media\/5492"}],"wp:attachment":[{"href":"https:\/\/afrotunda.com\/nl\/wp-json\/wp\/v2\/media?parent=5582"}],"wp:term":[{"taxonomy":"product_brand","embeddable":true,"href":"https:\/\/afrotunda.com\/nl\/wp-json\/wp\/v2\/product_brand?post=5582"},{"taxonomy":"product_cat","embeddable":true,"href":"https:\/\/afrotunda.com\/nl\/wp-json\/wp\/v2\/product_cat?post=5582"},{"taxonomy":"product_tag","embeddable":true,"href":"https:\/\/afrotunda.com\/nl\/wp-json\/wp\/v2\/product_tag?post=5582"}],"curies":[{"name":"wp","href":"https:\/\/api.w.org\/{rel}","templated":true}]}}